{"id":149,"date":"2025-04-13T09:00:00","date_gmt":"2025-04-13T09:00:00","guid":{"rendered":"https:\/\/broen.birkhende.dk\/?page_id=149"},"modified":"2025-04-13T09:00:00","modified_gmt":"2025-04-13T09:00:00","slug":"rasmus","status":"publish","type":"page","link":"https:\/\/broen.birkhende.dk\/?page_id=149","title":{"rendered":"Rasmus"},"content":{"rendered":"\n<h3 class=\"wp-block-heading\">V\u00e6rkt\u00f8j:<\/h3>\n\n\n\n<p><a href=\"https:\/\/www.computersalg.dk\/i\/7297475\/makita-dum111-gr%C3%A6sklipper-ledningfri-intet-batteri-2500-spm-11-cm-solo\/?utm_source=adtraction&amp;utm_medium=affiliate&amp;utm_campaign=adtraction&amp;at_gd=EB5FAC4B7B6301BF2B95F0FECEDC1FC6B8DB5611\">Makita mini h\u00e6k\/gr\u00e6s klipper (DUM111)<\/a><\/p>\n\n\n\n<p><a href=\"https:\/\/www.bygmax.dk\/foldesav-med-2-klinger.html\">Lenox Tri-fold h\u00e5ndsav<\/a><\/p>\n\n\n\n<p><a href=\"https:\/\/www.bauhaus.dk\/trolla-system-grundmodul\">Trolla grundmodul (til havetraktor)<\/a><\/p>\n\n\n\n<h3 class=\"wp-block-heading\">K\u00f8kkenting:<\/h3>\n\n\n\n<h3 class=\"wp-block-heading\">T\u00f8j og Sko:<\/h3>\n\n\n\n<p>L\u00f8bevest med opladelige LED.&nbsp;<a href=\"https:\/\/www.sport24.dk\/produkt\/endurance-bayker-led-refleksvest\/safety-yellow\/\">Endurance Bayker<\/a>&nbsp;eller&nbsp;<a href=\"https:\/\/www.batteribyen.dk\/coast-lh150-letvaegtsvest-af-led\">Coast LH150<\/a><\/p>\n\n\n\n<p>P\u00e6ne jeans\/cowboybukser straight leg w33\/l33-34<\/p>\n\n\n\n<p>P\u00e6ne skjorter\/t-shirts\/polo str. M. m. korte \u00e6rmer.<\/p>\n\n\n\n<p>Varme p\u00e6ne skindhandsker str. 9\/10<\/p>\n\n\n\n<h3 class=\"wp-block-heading\">Diverse:<\/h3>\n\n\n\n<p><a href=\"https:\/\/www.microsoft.com\/da-dk\/d\/tradl%C3%B8s-xbox-controller-ghost-cipher-specialudgave\/8zbjpgs19ftr\">Xbox controller, Ghost Cipher udgave<\/a><\/p>\n\n\n\n<h3 class=\"wp-block-heading\">B\u00f8ger:<\/h3>\n\n\n\n<p><a href=\"https:\/\/www.faraos.dk\/comics\/uscomics\/m-n-o\/m\/m\/mass-effect-the-complete-comics-mac-walters-omar-francia-ca.-14-01-2021\">Mass Effect, The Complete Comics<\/a><\/p>\n\n\n\n<p>Valhalla: Den samlede saga &#8211; HAR: Bind 1<\/p>\n\n\n\n<p>\u201dHall of Fame\u201d Disney v\u00e6rker af Don Rosa<\/p>\n","protected":false},"excerpt":{"rendered":"<p>V\u00e6rkt\u00f8j: Makita mini h\u00e6k\/gr\u00e6s klipper (DUM111) Lenox Tri-fold h\u00e5ndsav Trolla grundmodul (til havetraktor) K\u00f8kkenting: T\u00f8j og Sko: L\u00f8bevest med opladelige LED.&nbsp;Endurance Bayker&nbsp;eller&nbsp;Coast LH150 P\u00e6ne jeans\/cowboybukser straight leg w33\/l33-34 P\u00e6ne skjorter\/t-shirts\/polo str. M. m. korte \u00e6rmer. Varme p\u00e6ne skindhandsker str. 9\/10 Diverse: Xbox controller, Ghost Cipher udgave B\u00f8ger: Mass Effect, The Complete Comics Valhalla: Den samlede [&hellip;]<\/p>\n","protected":false},"author":1,"featured_media":0,"parent":0,"menu_order":0,"comment_status":"closed","ping_status":"closed","template":"","meta":{"footnotes":""},"class_list":["post-149","page","type-page","status-publish","hentry"],"_links":{"self":[{"href":"https:\/\/broen.birkhende.dk\/index.php?rest_route=\/wp\/v2\/pages\/149","targetHints":{"allow":["GET"]}}],"collection":[{"href":"https:\/\/broen.birkhende.dk\/index.php?rest_route=\/wp\/v2\/pages"}],"about":[{"href":"https:\/\/broen.birkhende.dk\/index.php?rest_route=\/wp\/v2\/types\/page"}],"author":[{"embeddable":true,"href":"https:\/\/broen.birkhende.dk\/index.php?rest_route=\/wp\/v2\/users\/1"}],"replies":[{"embeddable":true,"href":"https:\/\/broen.birkhende.dk\/index.php?rest_route=%2Fwp%2Fv2%2Fcomments&post=149"}],"version-history":[{"count":1,"href":"https:\/\/broen.birkhende.dk\/index.php?rest_route=\/wp\/v2\/pages\/149\/revisions"}],"predecessor-version":[{"id":150,"href":"https:\/\/broen.birkhende.dk\/index.php?rest_route=\/wp\/v2\/pages\/149\/revisions\/150"}],"wp:attachment":[{"href":"https:\/\/broen.birkhende.dk\/index.php?rest_route=%2Fwp%2Fv2%2Fmedia&parent=149"}],"curies":[{"name":"wp","href":"https:\/\/api.w.org\/{rel}","templated":true}]}}