{"id":152,"date":"2025-04-13T09:01:18","date_gmt":"2025-04-13T09:01:18","guid":{"rendered":"https:\/\/broen.birkhende.dk\/?page_id=152"},"modified":"2025-04-13T09:08:12","modified_gmt":"2025-04-13T09:08:12","slug":"rikke","status":"publish","type":"page","link":"https:\/\/broen.birkhende.dk\/?page_id=152","title":{"rendered":"Rikke"},"content":{"rendered":"\n<h2 class=\"wp-block-heading\"><a href=\"https:\/\/onskeskyen.dk\/da\/wishlists\/XB8LnM9QIXJuHlaE\">\u00d8nskeskyen<\/a><\/h2>\n\n\n\n<h3 class=\"wp-block-heading\">T\u00f8j og sko:<\/h3>\n\n\n\n<p>Benvarmere &#8211; Hvide eller sorte.<\/p>\n\n\n\n<p>Leggings Ensfarvede str. XL<\/p>\n\n\n\n<p>Under Armour:&nbsp;Unstoppable Sweatshirt str. XL<\/p>\n\n\n\n<p>Bluser m. lange \u00e6rmer str. XL<\/p>\n\n\n\n<h3 class=\"wp-block-heading\">Diverse:<\/h3>\n\n\n\n<p>Store nisser<\/p>\n\n\n\n<p>Lykketrold<\/p>\n\n\n\n<p>Parfume: DKNY &#8211; Be delicious (gr\u00f8n)<\/p>\n\n\n\n<p>Stor lanterne til at s\u00e6tte ved hovedd\u00f8ren<\/p>\n\n\n\n<p>\u00d8reringe &#8211; helst s\u00f8lv &#8211; (gerne &#8220;up ear&#8221;)<\/p>\n\n\n\n<h3 class=\"wp-block-heading\">Spil:<\/h3>\n\n\n\n<h3 class=\"wp-block-heading\">Lydb\u00f8ger:<\/h3>\n\n\n\n<p>Alle Julie Hastrups lydb\u00f8ger om Rebecca Holm;&nbsp;<br>1.&nbsp;<a href=\"https:\/\/www.saxo.com\/dk\/en-torn-i-oejet_julie-hastrup_paperback_9788740062410\">En torn i \u00f8jet<\/a>&nbsp;(2009) 2.&nbsp;<a href=\"https:\/\/www.saxo.com\/dk\/det-blinde-punkt_julie-hastrup_paperback_9788740062403\">Det blinde punkt<\/a>(2010) 3.&nbsp;<a href=\"https:\/\/www.saxo.com\/dk\/blodig-genvej_julie-hastrup_paperback_9788740062397\">Blodig genvej<\/a>&nbsp;(2011) 4.&nbsp;<a href=\"https:\/\/www.saxo.com\/dk\/portraet-af-doeden_julie-hastrup_paperback_9788740062434\">Portr\u00e6t af d\u00f8den<\/a>&nbsp;(2013) 5.&nbsp;<a href=\"https:\/\/www.saxo.com\/dk\/farlig-fortid_julie-hastrup_paperback_9788740062427\">Farlig fortid<\/a>&nbsp;(2015) 6.&nbsp;<a href=\"https:\/\/www.saxo.com\/dk\/mirakelmanden_julie-hastrup_haeftet_9788740042825\">Mirakelmanden<\/a>(2017) 7.&nbsp;<a href=\"https:\/\/www.saxo.com\/dk\/blodspor_julie-hastrup_haeftet_9788740060034\">Blodspor<\/a>&nbsp;(2018) 8.&nbsp;<a href=\"https:\/\/www.saxo.com\/dk\/vildskud_julie-hastrup_paperback_9788740070682\">Vildskud<\/a>&nbsp;(2020) 9.&nbsp;<a href=\"https:\/\/www.saxo.com\/dk\/kryb_bog_9788740069525\">Kryb<\/a>&nbsp;(2022) 10.&nbsp;<a href=\"https:\/\/www.saxo.com\/dk\/fremmed_bog_9788740077704\">Fremmed<\/a>&nbsp;(2024)<\/p>\n\n\n\n<h3 class=\"wp-block-heading\">Musik og film:<\/h3>\n\n\n\n<p>DVD; &#8220;Den Gr\u00e6nsel\u00f8se&#8221; (6. film om Afd. Q)<\/p>\n","protected":false},"excerpt":{"rendered":"<p>\u00d8nskeskyen T\u00f8j og sko: Benvarmere &#8211; Hvide eller sorte. Leggings Ensfarvede str. XL Under Armour:&nbsp;Unstoppable Sweatshirt str. XL Bluser m. lange \u00e6rmer str. XL Diverse: Store nisser Lykketrold Parfume: DKNY &#8211; Be delicious (gr\u00f8n) Stor lanterne til at s\u00e6tte ved hovedd\u00f8ren \u00d8reringe &#8211; helst s\u00f8lv &#8211; (gerne &#8220;up ear&#8221;) Spil: Lydb\u00f8ger: Alle Julie Hastrups lydb\u00f8ger [&hellip;]<\/p>\n","protected":false},"author":1,"featured_media":0,"parent":0,"menu_order":0,"comment_status":"closed","ping_status":"closed","template":"","meta":{"footnotes":""},"class_list":["post-152","page","type-page","status-publish","hentry"],"_links":{"self":[{"href":"https:\/\/broen.birkhende.dk\/index.php?rest_route=\/wp\/v2\/pages\/152","targetHints":{"allow":["GET"]}}],"collection":[{"href":"https:\/\/broen.birkhende.dk\/index.php?rest_route=\/wp\/v2\/pages"}],"about":[{"href":"https:\/\/broen.birkhende.dk\/index.php?rest_route=\/wp\/v2\/types\/page"}],"author":[{"embeddable":true,"href":"https:\/\/broen.birkhende.dk\/index.php?rest_route=\/wp\/v2\/users\/1"}],"replies":[{"embeddable":true,"href":"https:\/\/broen.birkhende.dk\/index.php?rest_route=%2Fwp%2Fv2%2Fcomments&post=152"}],"version-history":[{"count":2,"href":"https:\/\/broen.birkhende.dk\/index.php?rest_route=\/wp\/v2\/pages\/152\/revisions"}],"predecessor-version":[{"id":163,"href":"https:\/\/broen.birkhende.dk\/index.php?rest_route=\/wp\/v2\/pages\/152\/revisions\/163"}],"wp:attachment":[{"href":"https:\/\/broen.birkhende.dk\/index.php?rest_route=%2Fwp%2Fv2%2Fmedia&parent=152"}],"curies":[{"name":"wp","href":"https:\/\/api.w.org\/{rel}","templated":true}]}}