{"id":154,"date":"2025-04-13T09:01:51","date_gmt":"2025-04-13T09:01:51","guid":{"rendered":"https:\/\/broen.birkhende.dk\/?page_id=154"},"modified":"2025-04-13T09:07:42","modified_gmt":"2025-04-13T09:07:42","slug":"rebekka","status":"publish","type":"page","link":"https:\/\/broen.birkhende.dk\/?page_id=154","title":{"rendered":"Rebekka"},"content":{"rendered":"\n<h2 class=\"wp-block-heading\"><a href=\"https:\/\/onskeskyen.dk\/da\/wishlists\/CMOqTJv3fBuLb3aU\">\u00d8nskeskyen<\/a><\/h2>\n\n\n\n<p>DFDS Mini-Cruise til Oslo<\/p>\n\n\n\n<p>Penge til et st\u00f8rre Cruise<\/p>\n\n\n\n<p>Ferie i Disneyland Paris<\/p>\n\n\n\n<p>T\u00f8j str.&nbsp; M &#8211; gerne T-shirts, Hoodies og joggingbukser &#8211; gerne lys gr\u00e5 eller m\u00f8rk bl\u00e5 og fra boombutik.dk<\/p>\n\n\n\n<p>Ridehandsker: Hvide Fairplay Glam str. M<br><a href=\"https:\/\/aarideudstyr.dk\/produkt\/fairplay-glam-ridehandsker\/\">https:\/\/aarideudstyr.dk\/produkt\/fairplay-glam-ridehandsker\/<\/a><\/p>\n\n\n\n<p>Fodboldtr\u00f8je: Danmark Hjemmebane HALO x DBU str. M<br><a href=\"https:\/\/match-winner.dk\/products\/danmark-halo-x-dbu?variant=53533519348093\">https:\/\/match-winner.dk\/products\/danmark-halo-x-dbu?variant=53533519348093<\/a><\/p>\n\n\n\n<p>Kingsland Classic Unisex sweattr\u00f8je, Gr\u00e5 Str. M<\/p>\n\n\n\n<p>Kingsland Classic Unisex Vest, Navy Str. M<\/p>\n\n\n\n<p>Samshield Nora Hue, Sort<\/p>\n\n\n\n<h3 class=\"wp-block-heading\">B\u00f8ger:<\/h3>\n\n\n\n<p>&#8220;Passage&#8221; af Catrine Laudrup-Dufuor og Birgitte Wulff<\/p>\n\n\n\n<h3 class=\"wp-block-heading\">Noget med hest:<\/h3>\n\n\n\n<p>En hest<\/p>\n\n\n\n<p>Platinum Sadelunderlag str. 16&#8243; dressur; begonia pink<br><a href=\"https:\/\/riderbyhorse.dk\/collections\/platinum-high-iq\/products\/platinum-sadelunderlag-b-pink?variant=46813987078483\">https:\/\/riderbyhorse.dk\/collections\/platinum-high-iq\/products\/platinum-sadelunderlag-b-pink?variant=46813987078483<\/a><\/p>\n\n\n\n<h3 class=\"wp-block-heading\">Spil og Kretivitet og Leg:<\/h3>\n\n\n\n<p>USB-C 2,4 GHz tr\u00e5dl\u00f8s Lavalier mikrofon (2 mikrofoner + 1 modtager)<br><a href=\"https:\/\/www.elgiganten.dk\/product\/tv-lyd-smart-home\/mikrofoner-tilbehor\/mikrofon\/usb-c-24-ghz-tradlos-lavalier-mikrofon-2-mikrofoner1-modtager\/731543\">https:\/\/www.elgiganten.dk\/product\/tv-lyd-smart-home\/mikrofoner-tilbehor\/mikrofon\/usb-c-24-ghz-tradlos-lavalier-mikrofon-2-mikrofoner1-modtager\/731543<\/a><\/p>\n\n\n\n<h3 class=\"wp-block-heading\">Assesories o.lign.:<\/h3>\n\n\n\n<p>Alle smykker \u00f8nskes i s\u00f8lv.<\/p>\n\n\n\n<p>Og altid gerne penge til en hest \ud83d\ude09<\/p>\n","protected":false},"excerpt":{"rendered":"<p>\u00d8nskeskyen DFDS Mini-Cruise til Oslo Penge til et st\u00f8rre Cruise Ferie i Disneyland Paris T\u00f8j str.&nbsp; M &#8211; gerne T-shirts, Hoodies og joggingbukser &#8211; gerne lys gr\u00e5 eller m\u00f8rk bl\u00e5 og fra boombutik.dk Ridehandsker: Hvide Fairplay Glam str. Mhttps:\/\/aarideudstyr.dk\/produkt\/fairplay-glam-ridehandsker\/ Fodboldtr\u00f8je: Danmark Hjemmebane HALO x DBU str. Mhttps:\/\/match-winner.dk\/products\/danmark-halo-x-dbu?variant=53533519348093 Kingsland Classic Unisex sweattr\u00f8je, Gr\u00e5 Str. M Kingsland [&hellip;]<\/p>\n","protected":false},"author":1,"featured_media":0,"parent":0,"menu_order":0,"comment_status":"closed","ping_status":"closed","template":"","meta":{"footnotes":""},"class_list":["post-154","page","type-page","status-publish","hentry"],"_links":{"self":[{"href":"https:\/\/broen.birkhende.dk\/index.php?rest_route=\/wp\/v2\/pages\/154","targetHints":{"allow":["GET"]}}],"collection":[{"href":"https:\/\/broen.birkhende.dk\/index.php?rest_route=\/wp\/v2\/pages"}],"about":[{"href":"https:\/\/broen.birkhende.dk\/index.php?rest_route=\/wp\/v2\/types\/page"}],"author":[{"embeddable":true,"href":"https:\/\/broen.birkhende.dk\/index.php?rest_route=\/wp\/v2\/users\/1"}],"replies":[{"embeddable":true,"href":"https:\/\/broen.birkhende.dk\/index.php?rest_route=%2Fwp%2Fv2%2Fcomments&post=154"}],"version-history":[{"count":3,"href":"https:\/\/broen.birkhende.dk\/index.php?rest_route=\/wp\/v2\/pages\/154\/revisions"}],"predecessor-version":[{"id":162,"href":"https:\/\/broen.birkhende.dk\/index.php?rest_route=\/wp\/v2\/pages\/154\/revisions\/162"}],"wp:attachment":[{"href":"https:\/\/broen.birkhende.dk\/index.php?rest_route=%2Fwp%2Fv2%2Fmedia&parent=154"}],"curies":[{"name":"wp","href":"https:\/\/api.w.org\/{rel}","templated":true}]}}