{"id":73,"date":"2025-04-13T07:35:23","date_gmt":"2025-04-13T07:35:23","guid":{"rendered":"https:\/\/broen.birkhende.dk\/?page_id=73"},"modified":"2025-04-13T07:58:30","modified_gmt":"2025-04-13T07:58:30","slug":"elementor-73","status":"publish","type":"page","link":"https:\/\/broen.birkhende.dk\/","title":{"rendered":"Vores \u00f8nskesedler"},"content":{"rendered":"\t\t<div data-elementor-type=\"wp-page\" data-elementor-id=\"73\" class=\"elementor elementor-73\" data-elementor-post-type=\"page\">\n\t\t\t\t<div class=\"elementor-element elementor-element-69343bc e-flex e-con-boxed e-con e-parent\" data-id=\"69343bc\" data-element_type=\"container\" data-e-type=\"container\">\n\t\t\t\t\t<div class=\"e-con-inner\">\n\t\t\t\t<div class=\"elementor-element elementor-element-226bdd0 elementor-widget elementor-widget-text-editor\" data-id=\"226bdd0\" data-element_type=\"widget\" data-e-type=\"widget\" data-widget_type=\"text-editor.default\">\n\t\t\t\t<div class=\"elementor-widget-container\">\n\t\t\t\t\t\t\t\t\t<p>Hvis du nu vil give os en gave, men er l\u00f8bet t\u00f8r for fantasi&#8230;<\/p><p>FRYGT EJ!!!<\/p><p>P\u00e5 denne side kan du nemlig finde ting, vi \u00f8nsker os rigtig meget.<\/p>\t\t\t\t\t\t\t\t<\/div>\n\t\t\t\t<\/div>\n\t\t\t\t\t<\/div>\n\t\t\t\t<\/div>\n\t\t\t\t<\/div>\n\t\t","protected":false},"excerpt":{"rendered":"<p>Hvis du nu vil give os en gave, men er l\u00f8bet t\u00f8r for fantasi&#8230; FRYGT EJ!!! P\u00e5 denne side kan du nemlig finde ting, vi \u00f8nsker os rigtig meget.<\/p>\n","protected":false},"author":1,"featured_media":0,"parent":0,"menu_order":0,"comment_status":"closed","ping_status":"closed","template":"","meta":{"footnotes":""},"class_list":["post-73","page","type-page","status-publish","hentry"],"_links":{"self":[{"href":"https:\/\/broen.birkhende.dk\/index.php?rest_route=\/wp\/v2\/pages\/73","targetHints":{"allow":["GET"]}}],"collection":[{"href":"https:\/\/broen.birkhende.dk\/index.php?rest_route=\/wp\/v2\/pages"}],"about":[{"href":"https:\/\/broen.birkhende.dk\/index.php?rest_route=\/wp\/v2\/types\/page"}],"author":[{"embeddable":true,"href":"https:\/\/broen.birkhende.dk\/index.php?rest_route=\/wp\/v2\/users\/1"}],"replies":[{"embeddable":true,"href":"https:\/\/broen.birkhende.dk\/index.php?rest_route=%2Fwp%2Fv2%2Fcomments&post=73"}],"version-history":[{"count":7,"href":"https:\/\/broen.birkhende.dk\/index.php?rest_route=\/wp\/v2\/pages\/73\/revisions"}],"predecessor-version":[{"id":80,"href":"https:\/\/broen.birkhende.dk\/index.php?rest_route=\/wp\/v2\/pages\/73\/revisions\/80"}],"wp:attachment":[{"href":"https:\/\/broen.birkhende.dk\/index.php?rest_route=%2Fwp%2Fv2%2Fmedia&parent=73"}],"curies":[{"name":"wp","href":"https:\/\/api.w.org\/{rel}","templated":true}]}}